{"id":942,"date":"2015-02-16T19:49:06","date_gmt":"2015-02-16T19:49:06","guid":{"rendered":"http:\/\/casfaculty.case.edu\/ross-duffin\/?page_id=942"},"modified":"2015-03-25T19:21:20","modified_gmt":"2015-03-25T19:21:20","slug":"quantz-says","status":"publish","type":"page","link":"https:\/\/casfaculty.case.edu\/ross-duffin\/baroque-ensemble-tuning\/quantz-says\/","title":{"rendered":"Quantz says"},"content":{"rendered":"<p>Einem jeden Clavierspieler, der die Veh\u00e4ltnisse der T\u00f6ne versteht, wird auch zugleich bekannt sehn, da\u00df die Subsemitone, als: D mit dem Kreuz, und E mit dem b, u.s.w., um ein Komma unterschieden sind.<\/p>\n<p>Johann Joachim Quantz, <i>Versuch einer Anweisung die Flute traversi\u00e8re zu spielen<\/i> (Berlin, 1752), ch. 17, sec. 6.20, p. 232.<\/p>\n","protected":false},"excerpt":{"rendered":"<p>Einem jeden Clavierspieler, der die Veh\u00e4ltnisse der T\u00f6ne versteht, wird auch zugleich bekannt sehn, da\u00df die Subsemitone, als: D mit dem Kreuz, und E mit dem b, u.s.w., um ein Komma unterschieden sind.Johann Joachim Quantz, <i>Versuch einer Anweisung die Flute traversi\u00e8re zu spielen<\/i> (Berlin, 1752), ch. 17, sec. 6.20, p. 232.<\/p>\n<p><a href=\"https:\/\/casfaculty.case.edu\/ross-duffin\/baroque-ensemble-tuning\/quantz-says\/\" class=\"more-link\">Continue reading&#8230; <span class=\"screen-reader-text\">Quantz says<\/span><\/a><\/p>\n","protected":false},"author":171,"featured_media":0,"parent":21,"menu_order":0,"comment_status":"open","ping_status":"closed","template":"full-width-page.php","meta":{"spay_email":""},"_links":{"self":[{"href":"https:\/\/casfaculty.case.edu\/ross-duffin\/wp-json\/wp\/v2\/pages\/942"}],"collection":[{"href":"https:\/\/casfaculty.case.edu\/ross-duffin\/wp-json\/wp\/v2\/pages"}],"about":[{"href":"https:\/\/casfaculty.case.edu\/ross-duffin\/wp-json\/wp\/v2\/types\/page"}],"author":[{"embeddable":true,"href":"https:\/\/casfaculty.case.edu\/ross-duffin\/wp-json\/wp\/v2\/users\/171"}],"replies":[{"embeddable":true,"href":"https:\/\/casfaculty.case.edu\/ross-duffin\/wp-json\/wp\/v2\/comments?post=942"}],"version-history":[{"count":1,"href":"https:\/\/casfaculty.case.edu\/ross-duffin\/wp-json\/wp\/v2\/pages\/942\/revisions"}],"predecessor-version":[{"id":943,"href":"https:\/\/casfaculty.case.edu\/ross-duffin\/wp-json\/wp\/v2\/pages\/942\/revisions\/943"}],"up":[{"embeddable":true,"href":"https:\/\/casfaculty.case.edu\/ross-duffin\/wp-json\/wp\/v2\/pages\/21"}],"wp:attachment":[{"href":"https:\/\/casfaculty.case.edu\/ross-duffin\/wp-json\/wp\/v2\/media?parent=942"}],"curies":[{"name":"wp","href":"https:\/\/api.w.org\/{rel}","templated":true}]}}