{"id":940,"date":"2015-02-16T19:48:33","date_gmt":"2015-02-16T19:48:33","guid":{"rendered":"http:\/\/casfaculty.case.edu\/ross-duffin\/?page_id=940"},"modified":"2015-03-25T19:21:20","modified_gmt":"2015-03-25T19:21:20","slug":"mozart-remarks","status":"publish","type":"page","link":"https:\/\/casfaculty.case.edu\/ross-duffin\/baroque-ensemble-tuning\/mozart-remarks\/","title":{"rendered":"Mozart remarks"},"content":{"rendered":"<p>Nach dem richtigen Verh\u00e4ltnisse aber sind alle durch has (b) erniedrigten T\u00f6ne um ein Komma h\u00f6her als die durch das (#) erh\u00f6heten Noten.<\/p>\n<p>Leopold Mozart, <i>Versuch einer gr\u00fcndlichen Violinschule<\/i> (Augsburg, 1756), ch. 3, sec. 6, pp. 66-67.<\/p>\n","protected":false},"excerpt":{"rendered":"<p>Nach dem richtigen Verh\u00e4ltnisse aber sind alle durch has (b) erniedrigten T\u00f6ne um ein Komma h\u00f6her als die durch das (#) erh\u00f6heten Noten.Leopold Mozart, <i>Versuch einer gr\u00fcndlichen Violinschule<\/i> (Augsburg, 1756), ch. 3, sec. 6, pp. 66-67.<\/p>\n<p><a href=\"https:\/\/casfaculty.case.edu\/ross-duffin\/baroque-ensemble-tuning\/mozart-remarks\/\" class=\"more-link\">Continue reading&#8230; <span class=\"screen-reader-text\">Mozart remarks<\/span><\/a><\/p>\n","protected":false},"author":171,"featured_media":0,"parent":21,"menu_order":0,"comment_status":"open","ping_status":"closed","template":"full-width-page.php","meta":{"spay_email":""},"_links":{"self":[{"href":"https:\/\/casfaculty.case.edu\/ross-duffin\/wp-json\/wp\/v2\/pages\/940"}],"collection":[{"href":"https:\/\/casfaculty.case.edu\/ross-duffin\/wp-json\/wp\/v2\/pages"}],"about":[{"href":"https:\/\/casfaculty.case.edu\/ross-duffin\/wp-json\/wp\/v2\/types\/page"}],"author":[{"embeddable":true,"href":"https:\/\/casfaculty.case.edu\/ross-duffin\/wp-json\/wp\/v2\/users\/171"}],"replies":[{"embeddable":true,"href":"https:\/\/casfaculty.case.edu\/ross-duffin\/wp-json\/wp\/v2\/comments?post=940"}],"version-history":[{"count":1,"href":"https:\/\/casfaculty.case.edu\/ross-duffin\/wp-json\/wp\/v2\/pages\/940\/revisions"}],"predecessor-version":[{"id":941,"href":"https:\/\/casfaculty.case.edu\/ross-duffin\/wp-json\/wp\/v2\/pages\/940\/revisions\/941"}],"up":[{"embeddable":true,"href":"https:\/\/casfaculty.case.edu\/ross-duffin\/wp-json\/wp\/v2\/pages\/21"}],"wp:attachment":[{"href":"https:\/\/casfaculty.case.edu\/ross-duffin\/wp-json\/wp\/v2\/media?parent=940"}],"curies":[{"name":"wp","href":"https:\/\/api.w.org\/{rel}","templated":true}]}}