{"id":52,"date":"2015-10-12T03:58:55","date_gmt":"2015-10-12T03:58:55","guid":{"rendered":"http:\/\/casfaculty.case.edu\/jenny-brynjarsdottir\/?page_id=52"},"modified":"2015-10-12T16:28:19","modified_gmt":"2015-10-12T16:28:19","slug":"publications","status":"publish","type":"page","link":"https:\/\/casfaculty.case.edu\/jenny-brynjarsdottir\/publications\/","title":{"rendered":"Publications"},"content":{"rendered":"<h3>Submitted and in preparation<\/h3>\n<p>Berliner, L.M. and\u00a0Brynjarsd\u00f3ttir,A Framework for Multi-model Ensembling. Submitted<\/p>\n<p>&nbsp;<\/p>\n<h3>Peer-Reviewed<\/h3>\n<p>Brynjarsd\u00f3ttir, J.and Gelfand A.E. (2014). On covariate importance for regression models with multivariate response.Journal of Agricultural, Biological, and Environmental Statistics,19(4) 481-502.<\/p>\n<p>Brynjarsd\u00f3ttir, J.and Berliner, L.M. (2014).\u00a0Dimension-reduced modeling of spatio-temporal processes. Journal of the American Statistical Association 109(508), 1647-1659.\u00a0<\/p>\n<p>Brynjarsd\u00f3ttir, J. and O&#8217;Hagan, A.\u00a0\u00a0(2014). Learning about physical parameters: The importance of model\u00a0discrepancy.Inverse Problems,30, 114007 (24pp).<\/p>\n<p>Brynjarsd\u00f3ttir, J. and Berliner, L.M. (2011). Bayesian Hierarchical Modeling for Temperature Reconstruction from Geothermal Data.The Annals of Applied Statistics,\u00a05(2B), 1328-1359.<\/p>\n<p>Brynjarsd\u00f3ttir, J.and Stef\u00e1nsson, G. (2004). Analysis of cod catch data from Icelandic groundfish surveys using generalized linear models. Fisheries Research, 70(2-3), 195-208.<\/p>\n<p>&nbsp;<\/p>\n<h3>Technical Reports<\/h3>\n<p>Brynjarsd\u00f3ttir, J. and Magn\u00fasson, K.G., (2004). V\u00f6ktun rj\u00fapnastofnsins 1999-2003 (Monitoring of the ptarmigan population in Iceland 1999-2003), Technical report 47, Icelandic Institute of Natural History. (In Icelandic with an English abstract).<\/p>\n<p>Magn\u00fasson,K.G.,<i>Brynjarsd\u00f3ttir, J. and Nielsen, \u00d3.K., (2004). Population cycles in rock ptarmigan Lagopus muta: modelling and parameter estimation. Technical report RH-19-2004, Science Institute, University of Iceland. <\/i><\/p>\n<p><i>\u00a0Brynjarsd\u00f3ttir, J., Lund, S. H., Magn\u00fasson, K. G. and Nielsen, \u00d3. K., (2003). Analysis of time series for rock ptarmigan and gyrfalcon populations in north-east Iceland. Technical report RH-18-2003, Science Institute, University of Iceland.<\/i><\/p>\n<p><i> Brynjarsd\u00f3ttir, J.(2002). Statistical analysis of cod catch data from Icelandic groundfish surveys. Technical Report 91, Marine Research Institute. M.Sc. Thesis.<\/i><\/p>\n<p>&nbsp;<\/p>\n","protected":false},"excerpt":{"rendered":"<p>Submitted and in preparation<\/p>\n<p>Berliner, L.M. and\u00a0Brynjarsd\u00f3ttir,A Framework for Multi-model Ensembling. Submitted<\/p>\n<p>&nbsp;<\/p>\n<p>Peer-Reviewed<\/p>\n<p>Brynjarsd\u00f3ttir, J.and Gelfand A.E. (2014). On covariate importance for regression models with multivariate response.Journal of Agricultural, Biological, and Environmental Statistics,19(4) 481-502.<\/p>\n<p>Brynjarsd\u00f3ttir, J.and Berliner, L.M. (2014).\u00a0Dimension-reduced modeling of spatio-temporal processes. Journal of the American Statistical Association 109(508), 1647-1659.\u00a0<\/p>\n<p>Brynjarsd\u00f3ttir, J. and O&#8217;Hagan, A.\u00a0\u00a0(2014). Learning about physical parameters: The importance of model\u00a0discrepancy.Inverse Problems,30, 114007 (24pp).<\/p>\n<p>Brynjarsd\u00f3ttir, J. and Berliner, L.M. (2011). Bayesian Hierarchical Modeling for Temperature Reconstruction from Geothermal Data.The Annals of Applied Statistics,\u00a0<\/p>\n<p><a href=\"https:\/\/casfaculty.case.edu\/jenny-brynjarsdottir\/publications\/\" class=\"more-link\">Continue reading&#8230; <span class=\"screen-reader-text\">Publications<\/span><\/a><\/p>\n","protected":false},"author":19,"featured_media":0,"parent":0,"menu_order":0,"comment_status":"closed","ping_status":"closed","template":"","meta":{"spay_email":""},"_links":{"self":[{"href":"https:\/\/casfaculty.case.edu\/jenny-brynjarsdottir\/wp-json\/wp\/v2\/pages\/52"}],"collection":[{"href":"https:\/\/casfaculty.case.edu\/jenny-brynjarsdottir\/wp-json\/wp\/v2\/pages"}],"about":[{"href":"https:\/\/casfaculty.case.edu\/jenny-brynjarsdottir\/wp-json\/wp\/v2\/types\/page"}],"author":[{"embeddable":true,"href":"https:\/\/casfaculty.case.edu\/jenny-brynjarsdottir\/wp-json\/wp\/v2\/users\/19"}],"replies":[{"embeddable":true,"href":"https:\/\/casfaculty.case.edu\/jenny-brynjarsdottir\/wp-json\/wp\/v2\/comments?post=52"}],"version-history":[{"count":4,"href":"https:\/\/casfaculty.case.edu\/jenny-brynjarsdottir\/wp-json\/wp\/v2\/pages\/52\/revisions"}],"predecessor-version":[{"id":87,"href":"https:\/\/casfaculty.case.edu\/jenny-brynjarsdottir\/wp-json\/wp\/v2\/pages\/52\/revisions\/87"}],"wp:attachment":[{"href":"https:\/\/casfaculty.case.edu\/jenny-brynjarsdottir\/wp-json\/wp\/v2\/media?parent=52"}],"curies":[{"name":"wp","href":"https:\/\/api.w.org\/{rel}","templated":true}]}}